{"id":2,"date":"2016-05-10T03:48:21","date_gmt":"2016-05-10T03:48:21","guid":{"rendered":"http:\/\/chargespot.de\/?page_id=2"},"modified":"2025-12-18T10:47:16","modified_gmt":"2025-12-18T10:47:16","slug":"sample-page","status":"publish","type":"page","link":"https:\/\/chargespot.de\/","title":{"rendered":"Chargespot"},"content":{"rendered":"\n<figure class=\"wp-block-image size-full\"><img loading=\"lazy\" decoding=\"async\" width=\"1024\" height=\"1024\" src=\"https:\/\/chargespot.de\/wp-content\/uploads\/2025\/11\/Chargespot-II-1.png\" alt=\"\" class=\"wp-image-40\" srcset=\"https:\/\/chargespot.de\/wp-content\/uploads\/2025\/11\/Chargespot-II-1.png 1024w, https:\/\/chargespot.de\/wp-content\/uploads\/2025\/11\/Chargespot-II-1-300x300.png 300w, https:\/\/chargespot.de\/wp-content\/uploads\/2025\/11\/Chargespot-II-1-150x150.png 150w, https:\/\/chargespot.de\/wp-content\/uploads\/2025\/11\/Chargespot-II-1-768x768.png 768w\" sizes=\"auto, (max-width: 1024px) 100vw, 1024px\" \/><\/figure>\n\n\n\n<p class=\"has-quinary-color has-text-color has-link-color wp-elements-0cfe096ca7ffe0fd537a381edffb94a7\">Energie Aufladen Strom Ladepunkt Elektromobilit\u00e4t E-Auto E-Bike Ladeinfrastruktur Akku Powerstation Schnellladen Nachhaltigkeit Technologie Verbindung Zukunft Smart Charging Innovation Energiefluss Mobilit\u00e4t Elektrisch Powerbank Mobiles Laden Akku-Backup Tragbares Ladeger\u00e4t USB-C Schnellladefunktion Wireless Charging Dual-Port Kapazit\u00e4t mAh Energie unterwegs Reiseladeger\u00e4t Portable Energie Notstromversorgung Kompakte Powerbank Leichtgewicht Ladegeschwindigkeit Stromversorgung Multifunktionales Ladeger\u00e4t Universalladeger\u00e4t Energiespeicher Miet-Powerbank Powerbank-Sharing Leih-Powerbank Mobile Energie zum Mieten Lade-Station Sharing-Economy Akkuverleih Self-Service-Ladestation On-the-go Charging Pay-per-Use Powerbank<\/p>\n\n\n\n<p><\/p>\n","protected":false},"excerpt":{"rendered":"<p>Energie Aufladen Strom Ladepunkt Elektromobilit\u00e4t E-Auto E-Bike Ladeinfrastruktur Akku Powerstation Schnellladen Nachhaltigkeit Technologie Verbindung Zukunft Smart Charging Innovation Energiefluss Mobilit\u00e4t&hellip;<\/p>\n","protected":false},"author":1,"featured_media":0,"parent":0,"menu_order":0,"comment_status":"closed","ping_status":"open","template":"","meta":{"footnotes":""},"class_list":["post-2","page","type-page","status-publish","hentry"],"_links":{"self":[{"href":"https:\/\/chargespot.de\/index.php?rest_route=\/wp\/v2\/pages\/2","targetHints":{"allow":["GET"]}}],"collection":[{"href":"https:\/\/chargespot.de\/index.php?rest_route=\/wp\/v2\/pages"}],"about":[{"href":"https:\/\/chargespot.de\/index.php?rest_route=\/wp\/v2\/types\/page"}],"author":[{"embeddable":true,"href":"https:\/\/chargespot.de\/index.php?rest_route=\/wp\/v2\/users\/1"}],"replies":[{"embeddable":true,"href":"https:\/\/chargespot.de\/index.php?rest_route=%2Fwp%2Fv2%2Fcomments&post=2"}],"version-history":[{"count":14,"href":"https:\/\/chargespot.de\/index.php?rest_route=\/wp\/v2\/pages\/2\/revisions"}],"predecessor-version":[{"id":47,"href":"https:\/\/chargespot.de\/index.php?rest_route=\/wp\/v2\/pages\/2\/revisions\/47"}],"wp:attachment":[{"href":"https:\/\/chargespot.de\/index.php?rest_route=%2Fwp%2Fv2%2Fmedia&parent=2"}],"curies":[{"name":"wp","href":"https:\/\/api.w.org\/{rel}","templated":true}]}}